{"id":1322,"date":"2022-02-24T05:02:56","date_gmt":"2022-02-24T05:02:56","guid":{"rendered":"http:\/\/mellowbeachhouse.com\/home\/"},"modified":"2025-09-29T15:43:43","modified_gmt":"2025-09-29T13:43:43","slug":"home","status":"publish","type":"page","link":"https:\/\/mellowbeachhouse.com\/fr\/","title":{"rendered":"Accueil"},"content":{"rendered":"<div class=\"wp-block-uagb-container uagb-block-494c42c4 alignfull uagb-is-root-container\"><div class=\"uagb-container-inner-blocks-wrap\">\n<div class=\"wp-block-uagb-advanced-heading uagb-block-037f439e\"><h1 class=\"uagb-heading-text\">Bienvenue dans notre<br>Paradis<\/h1><\/div>\n\n\n\n<p><\/p>\n<\/div><\/div>\n\n\n\n<div class=\"wp-block-uagb-container uagb-block-5fcee4f8 alignfull uagb-is-root-container\"><div class=\"uagb-container-inner-blocks-wrap\">\n<div class=\"wp-block-uagb-advanced-heading uagb-block-2b5f3149\"><h2 class=\"uagb-heading-text\">Eco-Maison<\/h2><div class=\"uagb-separator\"><\/div><\/div>\n\n\n\n<div class=\"wp-block-uagb-container uagb-block-ed2081ea\">\n<div class=\"wp-block-uagb-container uagb-block-4eeee70a\">\n<div class=\"wp-block-uagb-info-box uagb-block-56d081d1 uagb-infobox__content-wrap  uagb-infobox-icon-above-title uagb-infobox-image-valign-top\"><div class=\"uagb-ifb-content\"><div class=\"uagb-ifb-image-content\"><img loading=\"lazy\" decoding=\"async\" src=\"https:\/\/mellowbeachhouse.com\/wp-content\/uploads\/2024\/04\/Home2.jpg\" alt=\"\" width=\"630\" height=\"945\"\/><\/div><div class=\"uagb-ifb-title-wrap\"><h3 class=\"uagb-ifb-title\">Retraite tranquille au milieu de la nature<\/h3><\/div><p class=\"uagb-ifb-desc\">D\u00e9couvrez la s\u00e9r\u00e9nit\u00e9 \u00e0 la Mellow Beach House, notre \u00e9co-maison nich\u00e9e dans les hauteurs de Sidi Kaouki, au Maroc.<\/p><\/div><\/div>\n<\/div>\n\n\n\n<div class=\"wp-block-uagb-container uagb-block-de9dc289\">\n<div class=\"wp-block-uagb-info-box uagb-block-b483e0d5 uagb-infobox__content-wrap  uagb-infobox-icon-above-title uagb-infobox-image-valign-top\"><div class=\"uagb-ifb-content\"><div class=\"uagb-ifb-image-content\"><img loading=\"lazy\" decoding=\"async\" src=\"https:\/\/mellowbeachhouse.com\/wp-content\/uploads\/2024\/04\/home5.jpg\" alt=\"\" width=\"630\" height=\"945\"\/><\/div><div class=\"uagb-ifb-title-wrap\"><h3 class=\"uagb-ifb-title\">Oasis durable au bord de la mer<\/h3><\/div><p class=\"uagb-ifb-desc\">\u00c0 la Mellow Beach House, nous harmonisons avec la nature en offrant une retraite respectueuse de l'environnement avec vue sur l'oc\u00e9an.<\/p><\/div><\/div>\n<\/div>\n\n\n\n<div class=\"wp-block-uagb-container uagb-block-6edb74a0\">\n<div class=\"wp-block-uagb-info-box uagb-block-09a88236 uagb-infobox__content-wrap  uagb-infobox-icon-above-title uagb-infobox-image-valign-top\"><div class=\"uagb-ifb-content\"><div class=\"uagb-ifb-image-content\"><img loading=\"lazy\" decoding=\"async\" src=\"https:\/\/mellowbeachhouse.com\/wp-content\/uploads\/2024\/04\/home1.jpg\" alt=\"\" width=\"630\" height=\"945\"\/><\/div><div class=\"uagb-ifb-title-wrap\"><h3 class=\"uagb-ifb-title\">Paradis avec vue sur l'oc\u00e9an<\/h3><\/div><p class=\"uagb-ifb-desc\">Vivez l'exp\u00e9rience de la retraite \u00e9co-luxe ultime \u00e0 la Mellow Beach House, o\u00f9 les vues panoramiques sur l'oc\u00e9an rencontrent une vie durable.<\/p><\/div><\/div>\n<\/div>\n<\/div>\n<\/div><\/div>\n\n\n\n<div class=\"wp-block-uagb-container uagb-block-af9b5dec alignfull uagb-is-root-container\"><div class=\"uagb-container-inner-blocks-wrap\">\n<div class=\"wp-block-uagb-container uagb-block-60b88739\">\n<div class=\"wp-block-uagb-info-box uagb-block-3021049b uagb-infobox__content-wrap  uagb-infobox-icon-above-title uagb-infobox-image-valign-top\"><div class=\"uagb-ifb-content\"><div class=\"uagb-ifb-image-content\"><img loading=\"lazy\" decoding=\"async\" src=\"https:\/\/mellowbeachhouse.com\/wp-content\/uploads\/2024\/04\/004-drop.png\" alt=\"\" width=\"60\" height=\"60\"\/><\/div><div class=\"uagb-ifb-title-wrap\"><\/div><p class=\"uagb-ifb-desc\">R\u00e9utilisez l'eau grise pour l'arrosage des plantes et du sol<\/p><\/div><\/div>\n<\/div>\n\n\n\n<div class=\"wp-block-uagb-container uagb-block-52235740\">\n<div class=\"wp-block-uagb-info-box uagb-block-4459238a uagb-infobox__content-wrap  uagb-infobox-icon-above-title uagb-infobox-image-valign-top wp-block-uagb-info-box--has-margin\"><div class=\"uagb-infobox-margin-wrapper\"><div class=\"uagb-ifb-content\"><div class=\"uagb-ifb-image-content\"><img loading=\"lazy\" decoding=\"async\" src=\"https:\/\/mellowbeachhouse.com\/wp-content\/uploads\/2024\/04\/006-energy.png\" alt=\"\" width=\"60\" height=\"60\"\/><\/div><div class=\"uagb-ifb-title-wrap\"><\/div><p class=\"uagb-ifb-desc\">Toute l'\u00e9lectricit\u00e9 de la maison est fournie par des panneaux solaires. La maison est autosuffisante en \u00e9nergie<\/p><\/div><\/div><\/div>\n<\/div>\n\n\n\n<div class=\"wp-block-uagb-container uagb-block-be8946fc\">\n<div class=\"wp-block-uagb-info-box uagb-block-382c2af5 uagb-infobox__content-wrap  uagb-infobox-icon-above-title uagb-infobox-image-valign-top\"><div class=\"uagb-ifb-content\"><div class=\"uagb-ifb-image-content\"><img loading=\"lazy\" decoding=\"async\" src=\"https:\/\/mellowbeachhouse.com\/wp-content\/uploads\/2024\/04\/002-toilet-paper.png\" alt=\"\" width=\"60\" height=\"60\"\/><\/div><div class=\"uagb-ifb-title-wrap\"><\/div><p class=\"uagb-ifb-desc\">Une alternative aux toilettes conventionnelles \u00e0 eau<\/p><\/div><\/div>\n<\/div>\n\n\n\n<div class=\"wp-block-uagb-container uagb-block-90e9ff67\">\n<div class=\"wp-block-uagb-info-box uagb-block-e20eb057 uagb-infobox__content-wrap  uagb-infobox-icon-above-title uagb-infobox-image-valign-top\"><div class=\"uagb-ifb-content\"><div class=\"uagb-ifb-image-content\"><img loading=\"lazy\" decoding=\"async\" src=\"https:\/\/mellowbeachhouse.com\/wp-content\/uploads\/2024\/04\/003-leaf.png\" alt=\"\" width=\"60\" height=\"60\"\/><\/div><div class=\"uagb-ifb-title-wrap\"><\/div><p class=\"uagb-ifb-desc\">La maison est construite de mani\u00e8re traditionnelle en utilisant de la pierre, de l'argile et du bois. Elle est thermor\u00e9gulatrice<\/p><\/div><\/div>\n<\/div>\n\n\n\n<div class=\"wp-block-uagb-container uagb-block-ae5ff555\">\n<div class=\"wp-block-uagb-info-box uagb-block-e85058ff uagb-infobox__content-wrap  uagb-infobox-icon-above-title uagb-infobox-image-valign-top\"><div class=\"uagb-ifb-content\"><div class=\"uagb-ifb-image-content\"><img loading=\"lazy\" decoding=\"async\" src=\"https:\/\/mellowbeachhouse.com\/wp-content\/uploads\/2024\/04\/005-recycle.png\" alt=\"\" width=\"60\" height=\"60\"\/><\/div><div class=\"uagb-ifb-title-wrap\"><\/div><p class=\"uagb-ifb-desc\">Nous recyclons<\/p><\/div><\/div>\n<\/div>\n\n\n\n<div class=\"wp-block-uagb-container uagb-block-a9d25777\">\n<div class=\"wp-block-uagb-info-box uagb-block-a34699e7 uagb-infobox__content-wrap  uagb-infobox-icon-above-title uagb-infobox-image-valign-top\"><div class=\"uagb-ifb-content\"><div class=\"uagb-ifb-image-content\"><img loading=\"lazy\" decoding=\"async\" src=\"https:\/\/mellowbeachhouse.com\/wp-content\/uploads\/2024\/04\/001-restaurant.png\" alt=\"\" width=\"60\" height=\"60\"\/><\/div><div class=\"uagb-ifb-title-wrap\"><\/div><p class=\"uagb-ifb-desc\">Aliments locaux, frais et faits maison<\/p><\/div><\/div>\n<\/div>\n<\/div><\/div>\n\n\n\n<div class=\"wp-block-uagb-container uagb-block-f3942af0 alignfull uagb-is-root-container\"><div class=\"uagb-container-inner-blocks-wrap\">\n<div class=\"wp-block-uagb-container uagb-block-bcac75b1\">\n<div class=\"wp-block-uagb-info-box uagb-block-a01009d9 uagb-infobox__content-wrap  uagb-infobox-icon-below-title uagb-infobox-image-valign-top\"><div class=\"uagb-ifb-content\"><div class=\"uagb-ifb-title-wrap\"><span class=\"uagb-ifb-title-prefix\">\u00c0 Propos de Nous<\/span><\/div><div class=\"uagb-ifb-image-content\"><img decoding=\"async\" src=\"https:\/\/mellowbeachhouse.com\/wp-content\/uploads\/2024\/04\/logo-mellow-green.png\" alt=\"\" width=\"\" height=\"0\" loading=\"lazy\"\/><\/div><p class=\"uagb-ifb-desc\"><br>La Mellow Beach House est une maison \u00e9cologique et autosuffisante en \u00e9nergie, situ\u00e9e dans une for\u00eat de thuyas surplombant le village de p\u00eacheurs et de surf de Sidi Kaouki. Avec ses vues imprenables sur l'oc\u00e9an et la campagne environnante, cette maison de plage offre un cadre idyllique \u00e0 seulement 20 km de la ville d'Essaouira au Maroc.<\/p><div class=\"uagb-ifb-button-wrapper wp-block-button\"><a href=\"https:\/\/mellowbeachhouse.com\/fr\/about\/\" class=\"uagb-infobox-cta-link wp-block-button__link\" target=\"_self\" rel=\"noopener noreferrer\" onclick=\"return true;\"><span class=\"uagb-inline-editing\">\u00c0 propos<\/span><\/a><\/div><\/div><\/div>\n<\/div>\n\n\n\n<div class=\"wp-block-uagb-container uagb-block-0408e4b0\">\n<div class=\"wp-block-uagb-image uagb-block-db147eec wp-block-uagb-image--layout-default wp-block-uagb-image--effect-static wp-block-uagb-image--align-none\"><figure class=\"wp-block-uagb-image__figure\"><img loading=\"lazy\" decoding=\"async\" srcset=\"https:\/\/mellowbeachhouse.com\/wp-content\/uploads\/2024\/04\/Home4.jpg ,https:\/\/mellowbeachhouse.com\/wp-content\/uploads\/2024\/04\/Home4.jpg 780w, https:\/\/mellowbeachhouse.com\/wp-content\/uploads\/2024\/04\/Home4.jpg 360w\" sizes=\"auto, (max-width: 480px) 150px\" src=\"https:\/\/mellowbeachhouse.com\/wp-content\/uploads\/2024\/04\/Home4.jpg\" alt=\"\" class=\"uag-image-2383\" width=\"647\" height=\"785\" title=\"Home4\" role=\"img\"\/><\/figure><\/div>\n<\/div>\n<\/div><\/div>\n\n\n\n<div class=\"wp-block-uagb-container uagb-block-05a4a518 alignfull uagb-is-root-container\"><div class=\"uagb-container-inner-blocks-wrap\"><\/div><\/div>","protected":false},"excerpt":{"rendered":"<p>Welcome to ourParadise Eco-House<\/p>","protected":false},"author":1,"featured_media":0,"parent":0,"menu_order":0,"comment_status":"closed","ping_status":"closed","template":"","meta":{"_uag_custom_page_level_css":"","_monsterinsights_skip_tracking":false,"_monsterinsights_sitenote_active":false,"_monsterinsights_sitenote_note":"","_monsterinsights_sitenote_category":0,"site-sidebar-layout":"no-sidebar","site-content-layout":"page-builder","ast-site-content-layout":"full-width-container","site-content-style":"unboxed","site-sidebar-style":"unboxed","ast-global-header-display":"","ast-banner-title-visibility":"","ast-main-header-display":"","ast-hfb-above-header-display":"","ast-hfb-below-header-display":"","ast-hfb-mobile-header-display":"","site-post-title":"disabled","ast-breadcrumbs-content":"","ast-featured-img":"disabled","footer-sml-layout":"","theme-transparent-header-meta":"enabled","adv-header-id-meta":"","stick-header-meta":"","header-above-stick-meta":"","header-main-stick-meta":"","header-below-stick-meta":"","astra-migrate-meta-layouts":"set","ast-page-background-enabled":"default","ast-page-background-meta":{"desktop":{"background-color":"var(--ast-global-color-4)","background-image":"","background-repeat":"repeat","background-position":"center center","background-size":"auto","background-attachment":"scroll","background-type":"","background-media":"","overlay-type":"","overlay-color":"","overlay-gradient":""},"tablet":{"background-color":"","background-image":"","background-repeat":"repeat","background-position":"center center","background-size":"auto","background-attachment":"scroll","background-type":"","background-media":"","overlay-type":"","overlay-color":"","overlay-gradient":""},"mobile":{"background-color":"","background-image":"","background-repeat":"repeat","background-position":"center center","background-size":"auto","background-attachment":"scroll","background-type":"","background-media":"","overlay-type":"","overlay-color":"","overlay-gradient":""}},"ast-content-background-meta":{"desktop":{"background-color":"var(--ast-global-color-5)","background-image":"","background-repeat":"repeat","background-position":"center center","background-size":"auto","background-attachment":"scroll","background-type":"","background-media":"","overlay-type":"","overlay-color":"","overlay-gradient":""},"tablet":{"background-color":"var(--ast-global-color-5)","background-image":"","background-repeat":"repeat","background-position":"center center","background-size":"auto","background-attachment":"scroll","background-type":"","background-media":"","overlay-type":"","overlay-color":"","overlay-gradient":""},"mobile":{"background-color":"var(--ast-global-color-5)","background-image":"","background-repeat":"repeat","background-position":"center center","background-size":"auto","background-attachment":"scroll","background-type":"","background-media":"","overlay-type":"","overlay-color":"","overlay-gradient":""}},"footnotes":""},"class_list":["post-1322","page","type-page","status-publish","hentry"],"aioseo_notices":[],"uagb_featured_image_src":{"full":false,"thumbnail":false,"medium":false,"medium_large":false,"large":false,"1536x1536":false,"2048x2048":false,"trp-custom-language-flag":false},"uagb_author_info":{"display_name":"mellowbeachhouse.com","author_link":"https:\/\/mellowbeachhouse.com\/fr\/author\/mellowbeachhouse-com\/"},"uagb_comment_info":0,"uagb_excerpt":"Welcome to ourParadise Eco-House","_links":{"self":[{"href":"https:\/\/mellowbeachhouse.com\/fr\/wp-json\/wp\/v2\/pages\/1322","targetHints":{"allow":["GET"]}}],"collection":[{"href":"https:\/\/mellowbeachhouse.com\/fr\/wp-json\/wp\/v2\/pages"}],"about":[{"href":"https:\/\/mellowbeachhouse.com\/fr\/wp-json\/wp\/v2\/types\/page"}],"author":[{"embeddable":true,"href":"https:\/\/mellowbeachhouse.com\/fr\/wp-json\/wp\/v2\/users\/1"}],"replies":[{"embeddable":true,"href":"https:\/\/mellowbeachhouse.com\/fr\/wp-json\/wp\/v2\/comments?post=1322"}],"version-history":[{"count":93,"href":"https:\/\/mellowbeachhouse.com\/fr\/wp-json\/wp\/v2\/pages\/1322\/revisions"}],"predecessor-version":[{"id":2699,"href":"https:\/\/mellowbeachhouse.com\/fr\/wp-json\/wp\/v2\/pages\/1322\/revisions\/2699"}],"wp:attachment":[{"href":"https:\/\/mellowbeachhouse.com\/fr\/wp-json\/wp\/v2\/media?parent=1322"}],"curies":[{"name":"wp","href":"https:\/\/api.w.org\/{rel}","templated":true}]}}