{"id":1324,"date":"2022-02-24T05:03:32","date_gmt":"2022-02-24T05:03:32","guid":{"rendered":"http:\/\/mellowbeachhouse.com\/about\/"},"modified":"2024-05-08T18:39:34","modified_gmt":"2024-05-08T16:39:34","slug":"about","status":"publish","type":"page","link":"https:\/\/mellowbeachhouse.com\/fr\/about\/","title":{"rendered":"About"},"content":{"rendered":"<div class=\"wp-block-uagb-container uagb-block-3ad17e27 alignfull uagb-is-root-container\"><div class=\"uagb-container-inner-blocks-wrap\">\n<div class=\"wp-block-uagb-advanced-heading uagb-block-8a1eebc0\"><h1 class=\"uagb-heading-text\">\u00c0 propos<\/h1><\/div>\n<\/div><\/div>\n\n\n\n<div class=\"wp-block-uagb-container uagb-block-f8ec2bd3 alignfull uagb-is-root-container\"><div class=\"uagb-container-inner-blocks-wrap\">\n<div class=\"wp-block-uagb-advanced-heading uagb-block-e874992d\"><h2 class=\"uagb-heading-text\">La Maison<\/h2><\/div>\n\n\n\n<div class=\"wp-block-uagb-image aligncenter uagb-block-2d710799 wp-block-uagb-image--layout-default wp-block-uagb-image--effect-static wp-block-uagb-image--align-center\"><figure class=\"wp-block-uagb-image__figure\"><img loading=\"lazy\" decoding=\"async\" srcset=\"https:\/\/mellowbeachhouse.com\/wp-content\/uploads\/2024\/04\/Thehouse-1024x682.jpg ,https:\/\/mellowbeachhouse.com\/wp-content\/uploads\/2024\/04\/Thehouse.jpg 780w, https:\/\/mellowbeachhouse.com\/wp-content\/uploads\/2024\/04\/Thehouse.jpg 360w\" sizes=\"auto, (max-width: 480px) 150px\" src=\"https:\/\/mellowbeachhouse.com\/wp-content\/uploads\/2024\/04\/Thehouse-1024x682.jpg\" alt=\"\" class=\"uag-image-2013\" width=\"1024\" height=\"682\" title=\"Thehouse\" role=\"img\"\/><\/figure><\/div>\n\n\n\n<p><\/p>\n\n\n\n<p>Construite dans le style traditionnel \"beldi\" avec de la pierre, de l'argile et du bois, la maison est un v\u00e9ritable havre \u00e9cologique. L'\u00e9lectricit\u00e9 solaire, le recyclage de l'eau, les toilettes s\u00e8ches et le compostage font tous partie du package.<\/p>\n\n\n\n<p>Avec 7 chambres entourant deux patios, elle est parfaite pour 22 personnes. Il y a des coins confortables pour se d\u00e9tendre partout, que ce soit au soleil, \u00e0 l'ombre, \u00e0 l'int\u00e9rieur ou \u00e0 l'ext\u00e9rieur. La terrasse offre une vue imprenable sur l'oc\u00e9an et la campagne, avec des salons ext\u00e9rieurs paisibles.<\/p>\n\n\n\n<p>Un coin feu de camp avec un canap\u00e9 confortable et une petite piscine pour se rafra\u00eechir compl\u00e8tent le tableau. Et pour les amateurs de shopping \u00e9cologique, une petite boutique propose des pi\u00e8ces locales et recycl\u00e9es.<\/p>\n<\/div><\/div>\n\n\n\n<div class=\"wp-block-uagb-container uagb-block-ad19a5e9 alignfull uagb-is-root-container\"><div class=\"uagb-container-inner-blocks-wrap\">\n<div class=\"wp-block-uagb-advanced-heading uagb-block-4c6cd141\"><h2 class=\"uagb-heading-text\">Aliments Locaux<\/h2><\/div>\n\n\n\n<div class=\"wp-block-uagb-image aligncenter uagb-block-419d8669 wp-block-uagb-image--layout-default wp-block-uagb-image--effect-static wp-block-uagb-image--align-center\"><figure class=\"wp-block-uagb-image__figure\"><img loading=\"lazy\" decoding=\"async\" srcset=\"https:\/\/mellowbeachhouse.com\/wp-content\/uploads\/2024\/04\/ALE03186-1-1024x683.jpg ,https:\/\/mellowbeachhouse.com\/wp-content\/uploads\/2024\/04\/ALE03186-1.jpg 780w, https:\/\/mellowbeachhouse.com\/wp-content\/uploads\/2024\/04\/ALE03186-1.jpg 360w\" sizes=\"auto, (max-width: 480px) 150px\" src=\"https:\/\/mellowbeachhouse.com\/wp-content\/uploads\/2024\/04\/ALE03186-1-1024x683.jpg\" alt=\"\" class=\"uag-image-2053\" width=\"1170\" height=\"600\" title=\"ALE03186-1\" role=\"img\"\/><\/figure><\/div>\n\n\n\n<p><\/p>\n\n\n\n<p>D\u00e9licieuse cuisine traditionnelle, pr\u00e9par\u00e9e avec des produits locaux et frais par notre merveilleuse chef Khadija.<\/p>\n\n\n\n<p>Le petit-d\u00e9jeuner est servi de 8h30 \u00e0 10h30. Le d\u00e9jeuner est servi de 13h \u00e0 15h, soit \u00e0 la carte, soit sous forme de buffet. Le d\u00eener est servi apr\u00e8s le coucher du soleil (g\u00e9n\u00e9ralement vers 19h30 ou 20h30) et propose un buffet vari\u00e9. Vous pouvez profiter du d\u00e9jeuner et du d\u00eener tous les jours \u00e0 Mellow sur r\u00e9servation (veuillez nous en informer la veille ou le matin au petit-d\u00e9jeuner).<\/p>\n\n\n\n<p>Prix du buffet : 250 MAD \/ adulte, 150 MAD \/ enfant (-12 ans), 100 MAD \/ enfant (-6 ans).<\/p>\n<\/div><\/div>","protected":false},"excerpt":{"rendered":"<p>About us The House Built in the traditional \u00ab\u00a0beldi\u00a0\u00bb style with stone, clay, and wood, the house is a true eco-friendly haven. Solar electricity, water recycling, dry toilets, and composting are all part of the package. With 7 rooms surrounding two patios, it&rsquo;s perfect for 22 people. There are cozy corners to chill everywhere, whether [&hellip;]<\/p>\n","protected":false},"author":1,"featured_media":0,"parent":0,"menu_order":0,"comment_status":"closed","ping_status":"closed","template":"","meta":{"_uag_custom_page_level_css":"","_monsterinsights_skip_tracking":false,"_monsterinsights_sitenote_active":false,"_monsterinsights_sitenote_note":"","_monsterinsights_sitenote_category":0,"site-sidebar-layout":"no-sidebar","site-content-layout":"page-builder","ast-site-content-layout":"full-width-container","site-content-style":"unboxed","site-sidebar-style":"default","ast-global-header-display":"","ast-banner-title-visibility":"","ast-main-header-display":"","ast-hfb-above-header-display":"","ast-hfb-below-header-display":"","ast-hfb-mobile-header-display":"","site-post-title":"disabled","ast-breadcrumbs-content":"","ast-featured-img":"disabled","footer-sml-layout":"","theme-transparent-header-meta":"enabled","adv-header-id-meta":"","stick-header-meta":"","header-above-stick-meta":"","header-main-stick-meta":"","header-below-stick-meta":"","astra-migrate-meta-layouts":"set","ast-page-background-enabled":"default","ast-page-background-meta":{"desktop":{"background-color":"var(--ast-global-color-4)","background-image":"","background-repeat":"repeat","background-position":"center center","background-size":"auto","background-attachment":"scroll","background-type":"","background-media":"","overlay-type":"","overlay-color":"","overlay-gradient":""},"tablet":{"background-color":"","background-image":"","background-repeat":"repeat","background-position":"center center","background-size":"auto","background-attachment":"scroll","background-type":"","background-media":"","overlay-type":"","overlay-color":"","overlay-gradient":""},"mobile":{"background-color":"","background-image":"","background-repeat":"repeat","background-position":"center center","background-size":"auto","background-attachment":"scroll","background-type":"","background-media":"","overlay-type":"","overlay-color":"","overlay-gradient":""}},"ast-content-background-meta":{"desktop":{"background-color":"var(--ast-global-color-5)","background-image":"","background-repeat":"repeat","background-position":"center center","background-size":"auto","background-attachment":"scroll","background-type":"","background-media":"","overlay-type":"","overlay-color":"","overlay-gradient":""},"tablet":{"background-color":"var(--ast-global-color-5)","background-image":"","background-repeat":"repeat","background-position":"center center","background-size":"auto","background-attachment":"scroll","background-type":"","background-media":"","overlay-type":"","overlay-color":"","overlay-gradient":""},"mobile":{"background-color":"var(--ast-global-color-5)","background-image":"","background-repeat":"repeat","background-position":"center center","background-size":"auto","background-attachment":"scroll","background-type":"","background-media":"","overlay-type":"","overlay-color":"","overlay-gradient":""}},"footnotes":""},"class_list":["post-1324","page","type-page","status-publish","hentry"],"aioseo_notices":[],"uagb_featured_image_src":{"full":false,"thumbnail":false,"medium":false,"medium_large":false,"large":false,"1536x1536":false,"2048x2048":false,"trp-custom-language-flag":false},"uagb_author_info":{"display_name":"mellowbeachhouse.com","author_link":"https:\/\/mellowbeachhouse.com\/fr\/author\/mellowbeachhouse-com\/"},"uagb_comment_info":0,"uagb_excerpt":"About us The House Built in the traditional \u00ab\u00a0beldi\u00a0\u00bb style with stone, clay, and wood, the house is a true eco-friendly haven. Solar electricity, water recycling, dry toilets, and composting are all part of the package. With 7 rooms surrounding two patios, it&rsquo;s perfect for 22 people. There are cozy corners to chill everywhere, whether&hellip;","_links":{"self":[{"href":"https:\/\/mellowbeachhouse.com\/fr\/wp-json\/wp\/v2\/pages\/1324","targetHints":{"allow":["GET"]}}],"collection":[{"href":"https:\/\/mellowbeachhouse.com\/fr\/wp-json\/wp\/v2\/pages"}],"about":[{"href":"https:\/\/mellowbeachhouse.com\/fr\/wp-json\/wp\/v2\/types\/page"}],"author":[{"embeddable":true,"href":"https:\/\/mellowbeachhouse.com\/fr\/wp-json\/wp\/v2\/users\/1"}],"replies":[{"embeddable":true,"href":"https:\/\/mellowbeachhouse.com\/fr\/wp-json\/wp\/v2\/comments?post=1324"}],"version-history":[{"count":15,"href":"https:\/\/mellowbeachhouse.com\/fr\/wp-json\/wp\/v2\/pages\/1324\/revisions"}],"predecessor-version":[{"id":2461,"href":"https:\/\/mellowbeachhouse.com\/fr\/wp-json\/wp\/v2\/pages\/1324\/revisions\/2461"}],"wp:attachment":[{"href":"https:\/\/mellowbeachhouse.com\/fr\/wp-json\/wp\/v2\/media?parent=1324"}],"curies":[{"name":"wp","href":"https:\/\/api.w.org\/{rel}","templated":true}]}}