{"id":1326,"date":"2022-02-24T05:04:17","date_gmt":"2022-02-24T05:04:17","guid":{"rendered":"http:\/\/mellowbeachhouse.com\/services\/"},"modified":"2025-03-02T17:53:26","modified_gmt":"2025-03-02T16:53:26","slug":"rooms-reservation","status":"publish","type":"page","link":"https:\/\/mellowbeachhouse.com\/fr\/rooms-reservation\/","title":{"rendered":"Chambres"},"content":{"rendered":"<div class=\"wp-block-uagb-container uagb-block-ae0bc409 alignfull uagb-is-root-container\"><div class=\"uagb-container-inner-blocks-wrap\">\n<div class=\"wp-block-uagb-advanced-heading uagb-block-59973544\"><h1 class=\"uagb-heading-text\">Chambres<\/h1><\/div>\n<\/div><\/div>\n\n\n\n<div class=\"wp-block-uagb-container uagb-block-6999b479 alignfull uagb-is-root-container\"><div class=\"uagb-container-inner-blocks-wrap\">\n<div class=\"wp-block-uagb-info-box uagb-block-b17becd9 uagb-infobox__content-wrap  uagb-infobox-icon-above-title uagb-infobox-image-valign-top\"><div class=\"uagb-ifb-content\"><div class=\"uagb-ifb-title-wrap\"><h3 class=\"uagb-ifb-title\"><strong>LES CHAMBRES<\/strong><\/h3><\/div><p class=\"uagb-ifb-desc\">La maison se compose de 7 chambres : <br>\u2013 2 Chambres Doubles<br>\u2013 2 Chambres Triples<br>\u2013 3 Chambres Familiales<br><br>Possibilit\u00e9 de privatiser toute la maison.<br>Peut accueillir jusqu'\u00e0 22 personnes pour la nuit<br>Les chambres offrent une belle vue sur la campagne ou l'oc\u00e9an<br><\/p><\/div><\/div>\n<\/div><\/div>\n\n\n\n<div class=\"wp-block-uagb-container uagb-block-a2342ecc alignfull uagb-is-root-container\"><div class=\"uagb-container-inner-blocks-wrap\">\n<div class=\"wp-block-uagb-container uagb-block-4982fbf5\">\n<div class=\"wp-block-uagb-slider uagb-block-41ed0f39 uagb-slider-container\"><div class=\"uagb-slides uagb-swiper\"><div class=\"swiper-wrapper\">\n<div class=\"wp-block-uagb-slider-child uagb-slider-child-wrap swiper-slide uagb-block-84bd3cc5\"><div class=\"swiper-content\">\n<div class=\"wp-block-uagb-container uagb-block-a9d0e643\">\n<div class=\"wp-block-uagb-image uagb-block-411f0aa3 wp-block-uagb-image--layout-default wp-block-uagb-image--effect-static wp-block-uagb-image--align-none\"><figure class=\"wp-block-uagb-image__figure\"><img loading=\"lazy\" decoding=\"async\" srcset=\"https:\/\/mellowbeachhouse.com\/wp-content\/uploads\/2024\/04\/Chambre-double-1.jpg ,https:\/\/mellowbeachhouse.com\/wp-content\/uploads\/2024\/04\/Chambre-double-1.jpg 780w, https:\/\/mellowbeachhouse.com\/wp-content\/uploads\/2024\/04\/Chambre-double-1.jpg 360w\" sizes=\"auto, (max-width: 480px) 150px\" src=\"https:\/\/mellowbeachhouse.com\/wp-content\/uploads\/2024\/04\/Chambre-double-1.jpg\" alt=\"\" class=\"uag-image-1924\" width=\"924\" height=\"650\" title=\"Chambre-double-1\" role=\"img\"\/><\/figure><\/div>\n<\/div>\n<\/div><\/div>\n\n\n\n<div class=\"wp-block-uagb-slider-child uagb-slider-child-wrap swiper-slide uagb-block-832aff3a\"><div class=\"swiper-content\">\n<div class=\"wp-block-uagb-container uagb-block-4c0026ed\">\n<div class=\"wp-block-uagb-image uagb-block-0ece5860 wp-block-uagb-image--layout-default wp-block-uagb-image--effect-static wp-block-uagb-image--align-none\"><figure class=\"wp-block-uagb-image__figure\"><img loading=\"lazy\" decoding=\"async\" srcset=\"https:\/\/mellowbeachhouse.com\/wp-content\/uploads\/2024\/04\/Chambre-double-2-1.jpg ,https:\/\/mellowbeachhouse.com\/wp-content\/uploads\/2024\/04\/Chambre-double-2-1.jpg 780w, https:\/\/mellowbeachhouse.com\/wp-content\/uploads\/2024\/04\/Chambre-double-2-1.jpg 360w\" sizes=\"auto, (max-width: 480px) 150px\" src=\"https:\/\/mellowbeachhouse.com\/wp-content\/uploads\/2024\/04\/Chambre-double-2-1.jpg\" alt=\"\" class=\"uag-image-1918\" width=\"924\" height=\"650\" title=\"Chambre-double-2-1\" role=\"img\"\/><\/figure><\/div>\n<\/div>\n<\/div><\/div>\n\n\n\n<div class=\"wp-block-uagb-slider-child uagb-slider-child-wrap swiper-slide uagb-block-5acad51b\"><div class=\"swiper-content\">\n<div class=\"wp-block-uagb-container uagb-block-6c9cdeb3\">\n<div class=\"wp-block-uagb-image uagb-block-7a688524 wp-block-uagb-image--layout-default wp-block-uagb-image--effect-static wp-block-uagb-image--align-none\"><figure class=\"wp-block-uagb-image__figure\"><img loading=\"lazy\" decoding=\"async\" srcset=\"https:\/\/mellowbeachhouse.com\/wp-content\/uploads\/2024\/04\/Porte-chambre-double-et-triple.jpg ,https:\/\/mellowbeachhouse.com\/wp-content\/uploads\/2024\/04\/Porte-chambre-double-et-triple.jpg 780w, https:\/\/mellowbeachhouse.com\/wp-content\/uploads\/2024\/04\/Porte-chambre-double-et-triple.jpg 360w\" sizes=\"auto, (max-width: 480px) 150px\" src=\"https:\/\/mellowbeachhouse.com\/wp-content\/uploads\/2024\/04\/Porte-chambre-double-et-triple.jpg\" alt=\"\" class=\"uag-image-1919\" width=\"924\" height=\"650\" title=\"Porte-chambre-double-et-triple\" role=\"img\"\/><\/figure><\/div>\n<\/div>\n<\/div><\/div>\n<\/div><\/div><div class=\"swiper-pagination\"><\/div><div class=\"swiper-button-prev\"><\/div><div class=\"swiper-button-next\"><\/div><\/div>\n<\/div>\n\n\n\n<div class=\"wp-block-uagb-container uagb-block-dd6933b7\">\n<div class=\"wp-block-uagb-info-box uagb-block-c346dfdf uagb-infobox__content-wrap  uagb-infobox-icon-above-title uagb-infobox-image-valign-top\"><div class=\"uagb-ifb-content\"><div class=\"uagb-ifb-title-wrap\"><h4 class=\"uagb-ifb-title\"><strong>CHAMBRE DOUBLE<\/strong><br>VUE SUR LA CAMPAGNE<\/h4><\/div><\/div><\/div>\n\n\n\n<ul class=\"wp-block-list\">\n<li>1 lit double<\/li>\n\n\n\n<li>Douche et toilettes partag\u00e9es avec une autre chambre<\/li>\n\n\n\n<li>1 ou 2 personnes<\/li>\n\n\n\n<li>Petit-d\u00e9jeuner inclus<\/li>\n<\/ul>\n\n\n\n<div class=\"wp-block-uagb-info-box uagb-block-56aa30c9 uagb-infobox__content-wrap  uagb-infobox-icon-above-title uagb-infobox-image-valign-top\"><div class=\"uagb-ifb-content\"><div class=\"uagb-ifb-title-wrap\"><h3 class=\"uagb-ifb-title\">760 MAD \/ per night (for 1 or 2 persons)<br><br><\/h3><\/div><\/div><\/div>\n\n\n\n<div class=\"wp-block-buttons is-content-justification-left is-layout-flex wp-container-core-buttons-is-layout-fc4fd283 wp-block-buttons-is-layout-flex\">\n<div class=\"wp-block-button is-style-fill\"><a class=\"wp-block-button__link has-ast-global-color-5-color has-text-color has-background has-link-color wp-element-button\" href=\"https:\/\/mellowbeachhouse.com\/fr\/double-room\/\" style=\"background-color:#87c5ba\"><strong>R\u00c9SERVER MAINTENANT<\/strong><\/a><\/div>\n<\/div>\n<\/div>\n<\/div><\/div>\n\n\n\n<div class=\"wp-block-uagb-container uagb-block-8cc042ba alignfull uagb-is-root-container\"><div class=\"uagb-container-inner-blocks-wrap\">\n<div class=\"wp-block-uagb-container uagb-block-0d77a88d\">\n<div class=\"wp-block-uagb-slider uagb-block-a1ac5ff0 uagb-slider-container\"><div class=\"uagb-slides uagb-swiper\"><div class=\"swiper-wrapper\">\n<div class=\"wp-block-uagb-slider-child uagb-slider-child-wrap swiper-slide uagb-block-5ffb18dd\"><div class=\"swiper-content\">\n<div class=\"wp-block-uagb-container uagb-block-7090fbfb\">\n<div class=\"wp-block-uagb-image uagb-block-9b8d1008 wp-block-uagb-image--layout-default wp-block-uagb-image--effect-static wp-block-uagb-image--align-none\"><figure class=\"wp-block-uagb-image__figure\"><img loading=\"lazy\" decoding=\"async\" srcset=\"https:\/\/mellowbeachhouse.com\/wp-content\/uploads\/2024\/04\/Chambre-triple-3.jpg ,https:\/\/mellowbeachhouse.com\/wp-content\/uploads\/2024\/04\/Chambre-triple-3.jpg 780w, https:\/\/mellowbeachhouse.com\/wp-content\/uploads\/2024\/04\/Chambre-triple-3.jpg 360w\" sizes=\"auto, (max-width: 480px) 150px\" src=\"https:\/\/mellowbeachhouse.com\/wp-content\/uploads\/2024\/04\/Chambre-triple-3.jpg\" alt=\"\" class=\"uag-image-2275\" width=\"924\" height=\"650\" title=\"Chambre triple 3\" role=\"img\"\/><\/figure><\/div>\n<\/div>\n<\/div><\/div>\n\n\n\n<div class=\"wp-block-uagb-slider-child uagb-slider-child-wrap swiper-slide uagb-block-8c36d241\"><div class=\"swiper-content\">\n<div class=\"wp-block-uagb-container uagb-block-6c755910\">\n<div class=\"wp-block-uagb-image uagb-block-27275859 wp-block-uagb-image--layout-default wp-block-uagb-image--effect-static wp-block-uagb-image--align-none\"><figure class=\"wp-block-uagb-image__figure\"><img loading=\"lazy\" decoding=\"async\" srcset=\"https:\/\/mellowbeachhouse.com\/wp-content\/uploads\/2024\/04\/ppp-1.jpg ,https:\/\/mellowbeachhouse.com\/wp-content\/uploads\/2024\/04\/ppp-1.jpg 780w, https:\/\/mellowbeachhouse.com\/wp-content\/uploads\/2024\/04\/ppp-1.jpg 360w\" sizes=\"auto, (max-width: 480px) 150px\" src=\"https:\/\/mellowbeachhouse.com\/wp-content\/uploads\/2024\/04\/ppp-1.jpg\" alt=\"\" class=\"uag-image-2277\" width=\"924\" height=\"650\" title=\"ppp\" role=\"img\"\/><\/figure><\/div>\n<\/div>\n<\/div><\/div>\n\n\n\n<div class=\"wp-block-uagb-slider-child uagb-slider-child-wrap swiper-slide uagb-block-b0cc5a14\"><div class=\"swiper-content\">\n<div class=\"wp-block-uagb-container uagb-block-ddbe3aca\">\n<div class=\"wp-block-uagb-image uagb-block-3a216655 wp-block-uagb-image--layout-default wp-block-uagb-image--effect-static wp-block-uagb-image--align-none\"><figure class=\"wp-block-uagb-image__figure\"><img loading=\"lazy\" decoding=\"async\" srcset=\"https:\/\/mellowbeachhouse.com\/wp-content\/uploads\/2024\/04\/tripleroom1.jpg ,https:\/\/mellowbeachhouse.com\/wp-content\/uploads\/2024\/04\/tripleroom1.jpg 780w, https:\/\/mellowbeachhouse.com\/wp-content\/uploads\/2024\/04\/tripleroom1.jpg 360w\" sizes=\"auto, (max-width: 480px) 150px\" src=\"https:\/\/mellowbeachhouse.com\/wp-content\/uploads\/2024\/04\/tripleroom1.jpg\" alt=\"\" class=\"uag-image-2392\" width=\"924\" height=\"650\" title=\"tripleroom1\" role=\"img\"\/><\/figure><\/div>\n<\/div>\n<\/div><\/div>\n\n\n\n<div class=\"wp-block-uagb-slider-child uagb-slider-child-wrap swiper-slide uagb-block-da9ebf74\"><div class=\"swiper-content\">\n<div class=\"wp-block-uagb-container uagb-block-0c2be849\">\n<div class=\"wp-block-uagb-image uagb-block-d5e0b6c4 wp-block-uagb-image--layout-default wp-block-uagb-image--effect-static wp-block-uagb-image--align-none\"><figure class=\"wp-block-uagb-image__figure\"><img loading=\"lazy\" decoding=\"async\" srcset=\"https:\/\/mellowbeachhouse.com\/wp-content\/uploads\/2024\/04\/Chambre-triple-2-1-1024x865.jpg ,https:\/\/mellowbeachhouse.com\/wp-content\/uploads\/2024\/04\/Chambre-triple-2-1.jpg 780w, https:\/\/mellowbeachhouse.com\/wp-content\/uploads\/2024\/04\/Chambre-triple-2-1.jpg 360w\" sizes=\"auto, (max-width: 480px) 150px\" src=\"https:\/\/mellowbeachhouse.com\/wp-content\/uploads\/2024\/04\/Chambre-triple-2-1-1024x865.jpg\" alt=\"\" class=\"uag-image-2279\" width=\"924\" height=\"650\" title=\"Chambre-triple-2-1\" role=\"img\"\/><\/figure><\/div>\n<\/div>\n<\/div><\/div>\n<\/div><\/div><div class=\"swiper-pagination\"><\/div><div class=\"swiper-button-prev\"><\/div><div class=\"swiper-button-next\"><\/div><\/div>\n<\/div>\n\n\n\n<div class=\"wp-block-uagb-container uagb-block-d38fd342\">\n<div class=\"wp-block-uagb-info-box uagb-block-ca94349d uagb-infobox__content-wrap  uagb-infobox-icon-above-title uagb-infobox-image-valign-top\"><div class=\"uagb-ifb-content\"><div class=\"uagb-ifb-title-wrap\"><h4 class=\"uagb-ifb-title\"><strong>CHAMBRE TRIPLE<\/strong><br>VUE SUR LA CAMPAGNE<\/h4><\/div><\/div><\/div>\n\n\n\n<ul class=\"wp-block-list\">\n<li>1 lit double + 1 lit simple<\/li>\n\n\n\n<li>Douche et toilettes partag\u00e9es avec une autre chambre<\/li>\n\n\n\n<li>1 ou 3 personnes<\/li>\n\n\n\n<li>Petit-d\u00e9jeuner inclus<\/li>\n<\/ul>\n\n\n\n<div class=\"wp-block-uagb-info-box uagb-block-1d791eed uagb-infobox__content-wrap  uagb-infobox-icon-above-title uagb-infobox-image-valign-top\"><div class=\"uagb-ifb-content\"><div class=\"uagb-ifb-title-wrap\"><h3 class=\"uagb-ifb-title\">760 MAD \/ per night (for 1 or 2 persons)<\/h3><\/div><\/div><\/div>\n\n\n\n<p>+ Un adulte (&gt; 12 ans) : 200 MAD<br>+ Un enfant (&lt; 12 ans) : 150 MAD<\/p>\n\n\n\n<div class=\"wp-block-uagb-container uagb-block-b743404e\">\n<div class=\"wp-block-buttons is-layout-flex wp-block-buttons-is-layout-flex\">\n<div class=\"wp-block-button\"><a class=\"wp-block-button__link has-white-color has-text-color has-background has-link-color wp-element-button\" href=\"https:\/\/mellowbeachhouse.com\/fr\/triple-room\/\" style=\"background-color:#87c5ba\"><strong>R\u00c9SERVER MAINTENANT<\/strong><\/a><\/div>\n<\/div>\n<\/div>\n<\/div>\n<\/div><\/div>\n\n\n\n<div class=\"wp-block-uagb-container uagb-block-744912e4 alignfull uagb-is-root-container\"><div class=\"uagb-container-inner-blocks-wrap\">\n<div class=\"wp-block-uagb-container uagb-block-8a6f3838\">\n<div class=\"wp-block-uagb-slider uagb-block-042faf07 uagb-slider-container\"><div class=\"uagb-slides uagb-swiper\"><div class=\"swiper-wrapper\">\n<div class=\"wp-block-uagb-slider-child uagb-slider-child-wrap swiper-slide uagb-block-da0aaf38\"><div class=\"swiper-content\">\n<div class=\"wp-block-uagb-container uagb-block-acef97d3\">\n<div class=\"wp-block-uagb-image uagb-block-19900d2f wp-block-uagb-image--layout-default wp-block-uagb-image--effect-static wp-block-uagb-image--align-none\"><figure class=\"wp-block-uagb-image__figure\"><img loading=\"lazy\" decoding=\"async\" srcset=\"https:\/\/mellowbeachhouse.com\/wp-content\/uploads\/2024\/04\/familyroom4-1024x682.jpg ,https:\/\/mellowbeachhouse.com\/wp-content\/uploads\/2024\/04\/familyroom4.jpg 780w, https:\/\/mellowbeachhouse.com\/wp-content\/uploads\/2024\/04\/familyroom4.jpg 360w\" sizes=\"auto, (max-width: 480px) 150px\" src=\"https:\/\/mellowbeachhouse.com\/wp-content\/uploads\/2024\/04\/familyroom4-1024x682.jpg\" alt=\"\" class=\"uag-image-2395\" width=\"924\" height=\"650\" title=\"familyroom4\" role=\"img\"\/><\/figure><\/div>\n<\/div>\n<\/div><\/div>\n\n\n\n<div class=\"wp-block-uagb-slider-child uagb-slider-child-wrap swiper-slide uagb-block-062aaae8\"><div class=\"swiper-content\">\n<div class=\"wp-block-uagb-container uagb-block-84e250d4\">\n<div class=\"wp-block-uagb-image uagb-block-1be00321 wp-block-uagb-image--layout-default wp-block-uagb-image--effect-static wp-block-uagb-image--align-none\"><figure class=\"wp-block-uagb-image__figure\"><img loading=\"lazy\" decoding=\"async\" srcset=\"https:\/\/mellowbeachhouse.com\/wp-content\/uploads\/2024\/04\/IMG_0654.jpg ,https:\/\/mellowbeachhouse.com\/wp-content\/uploads\/2024\/04\/IMG_0654.jpg 780w, https:\/\/mellowbeachhouse.com\/wp-content\/uploads\/2024\/04\/IMG_0654.jpg 360w\" sizes=\"auto, (max-width: 480px) 150px\" src=\"https:\/\/mellowbeachhouse.com\/wp-content\/uploads\/2024\/04\/IMG_0654.jpg\" alt=\"\" class=\"uag-image-2285\" width=\"924\" height=\"650\" title=\"IMG_0654\" role=\"img\"\/><\/figure><\/div>\n<\/div>\n<\/div><\/div>\n\n\n\n<div class=\"wp-block-uagb-slider-child uagb-slider-child-wrap swiper-slide uagb-block-da62d56f\"><div class=\"swiper-content\">\n<div class=\"wp-block-uagb-container uagb-block-64814a72\">\n<div class=\"wp-block-uagb-image uagb-block-3b00b6e2 wp-block-uagb-image--layout-default wp-block-uagb-image--effect-static wp-block-uagb-image--align-none\"><figure class=\"wp-block-uagb-image__figure\"><img loading=\"lazy\" decoding=\"async\" srcset=\"https:\/\/mellowbeachhouse.com\/wp-content\/uploads\/2024\/04\/suite-2.jpg ,https:\/\/mellowbeachhouse.com\/wp-content\/uploads\/2024\/04\/suite-2.jpg 780w, https:\/\/mellowbeachhouse.com\/wp-content\/uploads\/2024\/04\/suite-2.jpg 360w\" sizes=\"auto, (max-width: 480px) 150px\" src=\"https:\/\/mellowbeachhouse.com\/wp-content\/uploads\/2024\/04\/suite-2.jpg\" alt=\"\" class=\"uag-image-2286\" width=\"924\" height=\"650\" title=\"suite 2\" role=\"img\"\/><\/figure><\/div>\n<\/div>\n<\/div><\/div>\n\n\n\n<div class=\"wp-block-uagb-slider-child uagb-slider-child-wrap swiper-slide uagb-block-53289e50\"><div class=\"swiper-content\">\n<div class=\"wp-block-uagb-container uagb-block-a52d406c\">\n<div class=\"wp-block-uagb-image uagb-block-e9174f8d wp-block-uagb-image--layout-default wp-block-uagb-image--effect-static wp-block-uagb-image--align-none\"><figure class=\"wp-block-uagb-image__figure\"><img loading=\"lazy\" decoding=\"async\" srcset=\"https:\/\/mellowbeachhouse.com\/wp-content\/uploads\/2024\/04\/familyroom3.jpg ,https:\/\/mellowbeachhouse.com\/wp-content\/uploads\/2024\/04\/familyroom3.jpg 780w, https:\/\/mellowbeachhouse.com\/wp-content\/uploads\/2024\/04\/familyroom3.jpg 360w\" sizes=\"auto, (max-width: 480px) 150px\" src=\"https:\/\/mellowbeachhouse.com\/wp-content\/uploads\/2024\/04\/familyroom3.jpg\" alt=\"\" class=\"uag-image-2396\" width=\"924\" height=\"650\" title=\"familyroom3\" role=\"img\"\/><\/figure><\/div>\n<\/div>\n<\/div><\/div>\n\n\n\n<div class=\"wp-block-uagb-slider-child uagb-slider-child-wrap swiper-slide uagb-block-7f362930\"><div class=\"swiper-content\">\n<div class=\"wp-block-uagb-container uagb-block-5cb13de0\">\n<div class=\"wp-block-uagb-image uagb-block-4e4602b9 wp-block-uagb-image--layout-default wp-block-uagb-image--effect-static wp-block-uagb-image--align-none\"><figure class=\"wp-block-uagb-image__figure\"><img loading=\"lazy\" decoding=\"async\" srcset=\"https:\/\/mellowbeachhouse.com\/wp-content\/uploads\/2024\/04\/Familyroom1.jpg ,https:\/\/mellowbeachhouse.com\/wp-content\/uploads\/2024\/04\/Familyroom1.jpg 780w, https:\/\/mellowbeachhouse.com\/wp-content\/uploads\/2024\/04\/Familyroom1.jpg 360w\" sizes=\"auto, (max-width: 480px) 150px\" src=\"https:\/\/mellowbeachhouse.com\/wp-content\/uploads\/2024\/04\/Familyroom1.jpg\" alt=\"\" class=\"uag-image-2400\" width=\"924\" height=\"650\" title=\"Familyroom1\" role=\"img\"\/><\/figure><\/div>\n<\/div>\n<\/div><\/div>\n<\/div><\/div><div class=\"swiper-pagination\"><\/div><div class=\"swiper-button-prev\"><\/div><div class=\"swiper-button-next\"><\/div><\/div>\n<\/div>\n\n\n\n<div class=\"wp-block-uagb-container uagb-block-b15eafd8\">\n<div class=\"wp-block-uagb-info-box uagb-block-a9b5d501 uagb-infobox__content-wrap  uagb-infobox-icon-above-title uagb-infobox-image-valign-top\"><div class=\"uagb-ifb-content\"><div class=\"uagb-ifb-title-wrap\"><h4 class=\"uagb-ifb-title\"><strong>CHAMBRE FAMILIALE<\/strong><br>VUE SUR L'OCEAN<\/h4><\/div><\/div><\/div>\n\n\n\n<ul class=\"wp-block-list\">\n<li>1 lit double + 2 lits simples<\/li>\n\n\n\n<li>Douche et toilettes priv\u00e9es<\/li>\n\n\n\n<li>1 ou 4 personnes<\/li>\n\n\n\n<li>Petit-d\u00e9jeuner inclus<\/li>\n<\/ul>\n\n\n\n<div class=\"wp-block-uagb-info-box uagb-block-05316bd2 uagb-infobox__content-wrap  uagb-infobox-icon-above-title uagb-infobox-image-valign-top\"><div class=\"uagb-ifb-content\"><div class=\"uagb-ifb-title-wrap\"><h3 class=\"uagb-ifb-title\">980 MAD \/ per night (for 1 or 2 persons)<\/h3><\/div><\/div><\/div>\n\n\n\n<p>+ Un adulte (&gt; 12 ans) : 200 MAD<br>+ Un enfant (&lt; 12 ans) : 150 MAD<\/p>\n\n\n\n<div class=\"wp-block-uagb-container uagb-block-6360bbb4\">\n<div class=\"wp-block-buttons is-layout-flex wp-block-buttons-is-layout-flex\">\n<div class=\"wp-block-button\"><a class=\"wp-block-button__link has-ast-global-color-5-color has-text-color has-background has-link-color wp-element-button\" href=\"https:\/\/mellowbeachhouse.com\/fr\/family-room\/\" style=\"background-color:#87c5ba\"><strong>R\u00c9SERVER MAINTENANT<\/strong><\/a><\/div>\n<\/div>\n<\/div>\n<\/div>\n<\/div><\/div>\n\n\n\n<div class=\"wp-block-uagb-container uagb-block-bbe77e4d alignfull uagb-is-root-container\"><div class=\"uagb-container-inner-blocks-wrap\">\n<div class=\"wp-block-uagb-container uagb-block-b63488d9\">\n<div class=\"wp-block-uagb-info-box uagb-block-8ce5fcb0 uagb-infobox__content-wrap  uagb-infobox-icon-above-title uagb-infobox-image-valign-top\"><div class=\"uagb-ifb-content\"><div class=\"uagb-ifb-title-wrap\"><h3 class=\"uagb-ifb-title\">PAIEMENTS<\/h3><\/div><p class=\"uagb-ifb-desc\">Veuillez v\u00e9rifier la disponibilit\u00e9 de nos installations pour les dates souhait\u00e9es et choisir votre type d'h\u00e9bergement pr\u00e9f\u00e9r\u00e9.<br>Nous n'acceptons pas les paiements en ligne.<br>Pour confirmer votre r\u00e9servation, vous pouvez payer avec l'application WISE ou directement depuis le site web de WISE. C'est plus facile, plus rapide et moins cher qu'un virement bancaire classique, et c'est un moyen de paiement s\u00e9curis\u00e9 garanti. Vous aurez seulement besoin de notre adresse e-mail une fois enregistr\u00e9 : surfdubled@gmail.com (il ne faut que 10 minutes pour cr\u00e9er un compte sur WISE).<br>Nous vous enverrons les informations de transfert par e-mail une fois que vous aurez effectu\u00e9 votre r\u00e9servation.<br>NOUS N'ACCEPTONS PAS LES CARTES DE CR\u00c9DIT.<\/p><\/div><\/div>\n\n\n\n<div class=\"wp-block-uagb-info-box uagb-block-1c49bfc4 uagb-infobox__content-wrap  uagb-infobox-icon-above-title uagb-infobox-image-valign-top\"><div class=\"uagb-ifb-content\"><div class=\"uagb-ifb-title-wrap\"><h3 class=\"uagb-ifb-title\"><br>POLITIQUE D'ANNULATION<\/h3><\/div><p class=\"uagb-ifb-desc\">Annulation le jour J+31 : cr\u00e9dit pour un s\u00e9jour futur (valable pendant 12 mois).<br>Annulation entre J-30 et J-15 : 50 % du s\u00e9jour.<br>Annulation entre J-15 et la date d'arriv\u00e9e : 100 % du s\u00e9jour.<br><br>Nous vous conseillons de souscrire une assurance voyage pour att\u00e9nuer les risques d'annulation.<\/p><\/div><\/div>\n\n\n\n<div class=\"wp-block-uagb-info-box uagb-block-92d8b342 uagb-infobox__content-wrap  uagb-infobox-icon-above-title uagb-infobox-image-valign-top\"><div class=\"uagb-ifb-content\"><div class=\"uagb-ifb-title-wrap\"><h3 class=\"uagb-ifb-title\"><br>POLITIQUE D'ANNULATION : GROUPE\/PRIVATISATION<\/h3><\/div><p class=\"uagb-ifb-desc\">Annulation \u00e0 J+60 : cr\u00e9dit pour un futur s\u00e9jour (valable pendant 12 mois).<br>Annulation \u00e0 J-31 : 50 % du s\u00e9jour.<br>Annulation \u00e0 J-30 : 100 % du s\u00e9jour.<br><br>Nous vous conseillons de souscrire une assurance voyage pour att\u00e9nuer les risques d'annulation.<\/p><\/div><\/div>\n<\/div>\n<\/div><\/div>","protected":false},"excerpt":{"rendered":"<p>Rooms + One adult (&gt;12 years old) : 200 MAD+ One kid (&lt;12 years old) : 150 MAD + One adult (&gt;12 years old) : 200 MAD+ One kid (&lt;12 years old) : 150 MAD<\/p>","protected":false},"author":1,"featured_media":0,"parent":0,"menu_order":0,"comment_status":"closed","ping_status":"closed","template":"","meta":{"_uag_custom_page_level_css":"","_monsterinsights_skip_tracking":false,"_monsterinsights_sitenote_active":false,"_monsterinsights_sitenote_note":"","_monsterinsights_sitenote_category":0,"site-sidebar-layout":"no-sidebar","site-content-layout":"page-builder","ast-site-content-layout":"full-width-container","site-content-style":"unboxed","site-sidebar-style":"unboxed","ast-global-header-display":"","ast-banner-title-visibility":"","ast-main-header-display":"","ast-hfb-above-header-display":"","ast-hfb-below-header-display":"","ast-hfb-mobile-header-display":"","site-post-title":"disabled","ast-breadcrumbs-content":"","ast-featured-img":"disabled","footer-sml-layout":"","theme-transparent-header-meta":"enabled","adv-header-id-meta":"","stick-header-meta":"","header-above-stick-meta":"","header-main-stick-meta":"","header-below-stick-meta":"","astra-migrate-meta-layouts":"set","ast-page-background-enabled":"default","ast-page-background-meta":{"desktop":{"background-color":"var(--ast-global-color-4)","background-image":"","background-repeat":"repeat","background-position":"center center","background-size":"auto","background-attachment":"scroll","background-type":"","background-media":"","overlay-type":"","overlay-color":"","overlay-gradient":""},"tablet":{"background-color":"","background-image":"","background-repeat":"repeat","background-position":"center center","background-size":"auto","background-attachment":"scroll","background-type":"","background-media":"","overlay-type":"","overlay-color":"","overlay-gradient":""},"mobile":{"background-color":"","background-image":"","background-repeat":"repeat","background-position":"center center","background-size":"auto","background-attachment":"scroll","background-type":"","background-media":"","overlay-type":"","overlay-color":"","overlay-gradient":""}},"ast-content-background-meta":{"desktop":{"background-color":"var(--ast-global-color-5)","background-image":"","background-repeat":"repeat","background-position":"center center","background-size":"auto","background-attachment":"scroll","background-type":"","background-media":"","overlay-type":"","overlay-color":"","overlay-gradient":""},"tablet":{"background-color":"var(--ast-global-color-5)","background-image":"","background-repeat":"repeat","background-position":"center center","background-size":"auto","background-attachment":"scroll","background-type":"","background-media":"","overlay-type":"","overlay-color":"","overlay-gradient":""},"mobile":{"background-color":"var(--ast-global-color-5)","background-image":"","background-repeat":"repeat","background-position":"center center","background-size":"auto","background-attachment":"scroll","background-type":"","background-media":"","overlay-type":"","overlay-color":"","overlay-gradient":""}},"footnotes":""},"class_list":["post-1326","page","type-page","status-publish","hentry"],"aioseo_notices":[],"uagb_featured_image_src":{"full":false,"thumbnail":false,"medium":false,"medium_large":false,"large":false,"1536x1536":false,"2048x2048":false,"trp-custom-language-flag":false},"uagb_author_info":{"display_name":"mellowbeachhouse.com","author_link":"https:\/\/mellowbeachhouse.com\/fr\/author\/mellowbeachhouse-com\/"},"uagb_comment_info":0,"uagb_excerpt":"Rooms + One adult (&gt;12 years old) : 200 MAD+ One kid (&lt;12 years old) : 150 MAD + One adult (&gt;12 years old) : 200 MAD+ One kid (&lt;12 years old) : 150 MAD","_links":{"self":[{"href":"https:\/\/mellowbeachhouse.com\/fr\/wp-json\/wp\/v2\/pages\/1326","targetHints":{"allow":["GET"]}}],"collection":[{"href":"https:\/\/mellowbeachhouse.com\/fr\/wp-json\/wp\/v2\/pages"}],"about":[{"href":"https:\/\/mellowbeachhouse.com\/fr\/wp-json\/wp\/v2\/types\/page"}],"author":[{"embeddable":true,"href":"https:\/\/mellowbeachhouse.com\/fr\/wp-json\/wp\/v2\/users\/1"}],"replies":[{"embeddable":true,"href":"https:\/\/mellowbeachhouse.com\/fr\/wp-json\/wp\/v2\/comments?post=1326"}],"version-history":[{"count":51,"href":"https:\/\/mellowbeachhouse.com\/fr\/wp-json\/wp\/v2\/pages\/1326\/revisions"}],"predecessor-version":[{"id":2654,"href":"https:\/\/mellowbeachhouse.com\/fr\/wp-json\/wp\/v2\/pages\/1326\/revisions\/2654"}],"wp:attachment":[{"href":"https:\/\/mellowbeachhouse.com\/fr\/wp-json\/wp\/v2\/media?parent=1326"}],"curies":[{"name":"wp","href":"https:\/\/api.w.org\/{rel}","templated":true}]}}