{"id":2015,"date":"2024-04-26T21:13:11","date_gmt":"2024-04-26T19:13:11","guid":{"rendered":"https:\/\/mellowbeachhouse.com\/?page_id=2015"},"modified":"2024-05-09T21:32:09","modified_gmt":"2024-05-09T19:32:09","slug":"activities","status":"publish","type":"page","link":"https:\/\/mellowbeachhouse.com\/fr\/activities\/","title":{"rendered":"Activit\u00e9s\/Transport"},"content":{"rendered":"<div class=\"wp-block-uagb-container uagb-block-3ad17e27 alignfull uagb-is-root-container\"><div class=\"uagb-container-inner-blocks-wrap\">\n<div class=\"wp-block-uagb-advanced-heading uagb-block-8a1eebc0\"><h1 class=\"uagb-heading-text\">Activit\u00e9s et Transport<\/h1><\/div>\n<\/div><\/div>\n\n\n\n<div class=\"wp-block-uagb-container uagb-block-f8ec2bd3 alignfull uagb-is-root-container\"><div class=\"uagb-container-inner-blocks-wrap\">\n<div class=\"wp-block-media-text is-stacked-on-mobile is-vertically-aligned-top\" style=\"margin-top:var(--wp--preset--spacing--50);margin-right:0;margin-bottom:var(--wp--preset--spacing--50);margin-left:0;padding-top:var(--wp--preset--spacing--50);padding-right:0;padding-bottom:var(--wp--preset--spacing--50);padding-left:0;grid-template-columns:40% auto\"><figure class=\"wp-block-media-text__media\"><img fetchpriority=\"high\" decoding=\"async\" width=\"671\" height=\"894\" src=\"https:\/\/mellowbeachhouse.com\/wp-content\/uploads\/2024\/04\/yoga-2.jpg\" alt=\"\" class=\"wp-image-2030 size-full\" srcset=\"https:\/\/mellowbeachhouse.com\/wp-content\/uploads\/2024\/04\/yoga-2.jpg 671w, https:\/\/mellowbeachhouse.com\/wp-content\/uploads\/2024\/04\/yoga-2-225x300.jpg 225w\" sizes=\"(max-width: 671px) 100vw, 671px\" \/><\/figure><div class=\"wp-block-media-text__content\">\n<h2 class=\"wp-block-heading\"><strong>Retraite Relaxante de Yoga<\/strong><\/h2>\n\n\n\n<p>Cherchez-vous l'endroit id\u00e9al pour vos propres pratiques de yoga ou pour organiser des \u00e9v\u00e9nements sp\u00e9ciaux ? Notre espace paradisiaque est parfait pour accueillir votre retraite de yoga. Profitez d'un cadre inspirant et tranquille pour vos ateliers de groupe ou retraites personnalis\u00e9es. Impr\u00e9gnez-vous de la s\u00e9r\u00e9nit\u00e9 de notre sanctuaire de yoga et laissez-vous transporter vers une exp\u00e9rience de pratique unique.<\/p>\n\n\n\n<p>Plongez-vous dans une escapade bien-\u00eatre avec notre retraite exclusive de yoga. Situ\u00e9es dans un environnement paisible et enchanteur, nos retraites de yoga offrent une pause r\u00e9g\u00e9n\u00e9rante pour l'esprit, le corps et l'\u00e2me. Reconnectez-vous avec vous-m\u00eame dans une atmosph\u00e8re sereine.<\/p>\n<\/div><\/div>\n\n\n\n<div class=\"wp-block-media-text has-media-on-the-right is-stacked-on-mobile is-vertically-aligned-top\" style=\"margin-top:var(--wp--preset--spacing--50);margin-bottom:var(--wp--preset--spacing--50);padding-top:var(--wp--preset--spacing--50);padding-right:0;padding-bottom:var(--wp--preset--spacing--50);padding-left:0;grid-template-columns:auto 40%\"><div class=\"wp-block-media-text__content\">\n<h2 class=\"wp-block-heading\"><strong>Transport<\/strong><\/h2>\n\n\n\n<p>Nous pouvons r\u00e9server une voiture de location pour vous, \u00e0 partir de 350 MAD par jour (le prix peut varier en fonction de la saison et des options de voiture). Vous serez libre de vous d\u00e9placer et de d\u00e9couvrir les magnifiques paysages de la r\u00e9gion.<\/p>\n\n\n\n<p><\/p>\n\n\n\n<p>Si vous ne souhaitez pas louer de voiture, des taxis priv\u00e9s peuvent \u00eatre mis \u00e0 votre disposition. <br><br>Tarifs des taxis (par trajet) : <br>Mellow - A\u00e9roport d'Essaouira - 250 MAD (1 \u00e0 4 personnes)<br>Mellow - Essaouira - 200 MAD (1 \u00e0 4 personnes)<br>Mellow - Marrakech - 850 MAD (1 \u00e0 4 personnes)<br>Mellow - Agadir - 850 MAD (1 \u00e0 4 personnes)<\/p>\n<\/div><figure class=\"wp-block-media-text__media\"><img decoding=\"async\" width=\"500\" height=\"750\" src=\"https:\/\/mellowbeachhouse.com\/wp-content\/uploads\/2024\/05\/car-rental.jpeg\" alt=\"\" class=\"wp-image-2421 size-full\" srcset=\"https:\/\/mellowbeachhouse.com\/wp-content\/uploads\/2024\/05\/car-rental.jpeg 500w, https:\/\/mellowbeachhouse.com\/wp-content\/uploads\/2024\/05\/car-rental-200x300.jpeg 200w\" sizes=\"(max-width: 500px) 100vw, 500px\" \/><\/figure><\/div>\n\n\n\n<p><\/p>\n\n\n\n<p><\/p>\n\n\n\n<div class=\"wp-block-uagb-advanced-heading uagb-block-2b4b51a6\"><h2 class=\"uagb-heading-text\"><strong>Autres activit\u00e9s <\/strong><\/h2><\/div>\n\n\n\n<p class=\"has-text-align-left\"><strong>Massages &amp; Hammam :<\/strong> Des massages et des soins sont disponibles sur place. Les traitements au hammam sont disponibles soit au hammam traditionnel du village, soit au spa \u00e0 Essaouira<br><br><strong>Balade \u00e0 dos de chameau et de cheval :<\/strong> Des activit\u00e9s de balade \u00e0 dos de chameau et de cheval sont disponibles pr\u00e8s de la ville d'Essaouira<br><br><strong>Surf &amp; KiteSurf :<\/strong> Des cours sont disponibles sur la plage de Sidi Kaouki ou d'Essaouira<br><br><strong>Rencontre avec des familles locales et visite de la M\u00e9dina :<\/strong> D\u00e9couvrez la culture locale et visitez la magnifique M\u00e9dina d'Essaouira<br><br><strong>Quads, buggies et motos \u00e9lectriques<\/strong> : Explorez la r\u00e9gion avec des aventures palpitantes en quad, buggy et moto \u00e9lectrique<br><br><strong>POUR PLUS D'ACTIVIT\u00c9S, CONTACTEZ-NOUS<\/strong><\/p>\n<\/div><\/div>","protected":false},"excerpt":{"rendered":"<p>Activities and Transport Relaxing Yoga Retreat Are you looking for the perfect venue for your own yoga practices or to host special events? Our paradise-like space is perfect for hosting your yoga retreat. Enjoy an inspiring and tranquil setting for your group workshops, or custom retreats. Immerse yourself in the serenity of our yoga sanctuary [&hellip;]<\/p>\n","protected":false},"author":1,"featured_media":0,"parent":0,"menu_order":0,"comment_status":"closed","ping_status":"closed","template":"","meta":{"_uag_custom_page_level_css":"","_monsterinsights_skip_tracking":false,"_monsterinsights_sitenote_active":false,"_monsterinsights_sitenote_note":"","_monsterinsights_sitenote_category":0,"site-sidebar-layout":"no-sidebar","site-content-layout":"page-builder","ast-site-content-layout":"full-width-container","site-content-style":"unboxed","site-sidebar-style":"default","ast-global-header-display":"","ast-banner-title-visibility":"","ast-main-header-display":"","ast-hfb-above-header-display":"","ast-hfb-below-header-display":"","ast-hfb-mobile-header-display":"","site-post-title":"disabled","ast-breadcrumbs-content":"","ast-featured-img":"disabled","footer-sml-layout":"","theme-transparent-header-meta":"enabled","adv-header-id-meta":"","stick-header-meta":"","header-above-stick-meta":"","header-main-stick-meta":"","header-below-stick-meta":"","astra-migrate-meta-layouts":"set","ast-page-background-enabled":"default","ast-page-background-meta":{"desktop":{"background-color":"var(--ast-global-color-4)","background-image":"","background-repeat":"repeat","background-position":"center center","background-size":"auto","background-attachment":"scroll","background-type":"","background-media":"","overlay-type":"","overlay-color":"","overlay-gradient":""},"tablet":{"background-color":"","background-image":"","background-repeat":"repeat","background-position":"center center","background-size":"auto","background-attachment":"scroll","background-type":"","background-media":"","overlay-type":"","overlay-color":"","overlay-gradient":""},"mobile":{"background-color":"","background-image":"","background-repeat":"repeat","background-position":"center center","background-size":"auto","background-attachment":"scroll","background-type":"","background-media":"","overlay-type":"","overlay-color":"","overlay-gradient":""}},"ast-content-background-meta":{"desktop":{"background-color":"var(--ast-global-color-5)","background-image":"","background-repeat":"repeat","background-position":"center center","background-size":"auto","background-attachment":"scroll","background-type":"","background-media":"","overlay-type":"","overlay-color":"","overlay-gradient":""},"tablet":{"background-color":"var(--ast-global-color-5)","background-image":"","background-repeat":"repeat","background-position":"center center","background-size":"auto","background-attachment":"scroll","background-type":"","background-media":"","overlay-type":"","overlay-color":"","overlay-gradient":""},"mobile":{"background-color":"var(--ast-global-color-5)","background-image":"","background-repeat":"repeat","background-position":"center center","background-size":"auto","background-attachment":"scroll","background-type":"","background-media":"","overlay-type":"","overlay-color":"","overlay-gradient":""}},"footnotes":""},"class_list":["post-2015","page","type-page","status-publish","hentry"],"aioseo_notices":[],"uagb_featured_image_src":{"full":false,"thumbnail":false,"medium":false,"medium_large":false,"large":false,"1536x1536":false,"2048x2048":false,"trp-custom-language-flag":false},"uagb_author_info":{"display_name":"mellowbeachhouse.com","author_link":"https:\/\/mellowbeachhouse.com\/fr\/author\/mellowbeachhouse-com\/"},"uagb_comment_info":0,"uagb_excerpt":"Activities and Transport Relaxing Yoga Retreat Are you looking for the perfect venue for your own yoga practices or to host special events? Our paradise-like space is perfect for hosting your yoga retreat. Enjoy an inspiring and tranquil setting for your group workshops, or custom retreats. Immerse yourself in the serenity of our yoga sanctuary&hellip;","_links":{"self":[{"href":"https:\/\/mellowbeachhouse.com\/fr\/wp-json\/wp\/v2\/pages\/2015","targetHints":{"allow":["GET"]}}],"collection":[{"href":"https:\/\/mellowbeachhouse.com\/fr\/wp-json\/wp\/v2\/pages"}],"about":[{"href":"https:\/\/mellowbeachhouse.com\/fr\/wp-json\/wp\/v2\/types\/page"}],"author":[{"embeddable":true,"href":"https:\/\/mellowbeachhouse.com\/fr\/wp-json\/wp\/v2\/users\/1"}],"replies":[{"embeddable":true,"href":"https:\/\/mellowbeachhouse.com\/fr\/wp-json\/wp\/v2\/comments?post=2015"}],"version-history":[{"count":41,"href":"https:\/\/mellowbeachhouse.com\/fr\/wp-json\/wp\/v2\/pages\/2015\/revisions"}],"predecessor-version":[{"id":2464,"href":"https:\/\/mellowbeachhouse.com\/fr\/wp-json\/wp\/v2\/pages\/2015\/revisions\/2464"}],"wp:attachment":[{"href":"https:\/\/mellowbeachhouse.com\/fr\/wp-json\/wp\/v2\/media?parent=2015"}],"curies":[{"name":"wp","href":"https:\/\/api.w.org\/{rel}","templated":true}]}}